{"id":113297,"date":"2023-11-11T16:07:35","date_gmt":"2023-11-11T15:07:35","guid":{"rendered":"http:\/\/www.emmanuelelorusso.com\/?page_id=113297"},"modified":"2025-11-04T19:59:42","modified_gmt":"2025-11-04T18:59:42","slug":"compositore","status":"publish","type":"page","link":"https:\/\/www.emmanuelelorusso.com\/it\/compositore\/","title":{"rendered":"Compositore"},"content":{"rendered":"<div class=\"wpb-content-wrapper\"><p>[vc_row row_height_percent=&#8221;100&#8243; back_image=&#8221;113944&#8243; back_position=&#8221;center center&#8221; overlay_alpha=&#8221;50&#8243; gutter_size=&#8221;3&#8243; column_width_percent=&#8221;100&#8243; shift_y=&#8221;0&#8243; z_index=&#8221;0&#8243; mobile_visibility=&#8221;yes&#8221; uncode_shortcode_id=&#8221;109607&#8243;][vc_column width=&#8221;1\/1&#8243;][\/vc_column][\/vc_row][vc_row row_height_percent=&#8221;100&#8243; override_padding=&#8221;yes&#8221; h_padding=&#8221;0&#8243; top_padding=&#8221;0&#8243; bottom_padding=&#8221;1&#8243; back_color=&#8221;color-963630&#8243; overlay_alpha=&#8221;50&#8243; gutter_size=&#8221;3&#8243; column_width_percent=&#8221;100&#8243; shift_y=&#8221;0&#8243; z_index=&#8221;0&#8243; desktop_visibility=&#8221;yes&#8221; medium_visibility=&#8221;yes&#8221; content_parallax=&#8221;0&#8243; uncode_shortcode_id=&#8221;179045&#8243; back_color_type=&#8221;uncode-palette&#8221;][vc_column width=&#8221;1\/1&#8243;][vc_single_image media=&#8221;113953&#8243; media_width_percent=&#8221;100&#8243; uncode_shortcode_id=&#8221;123104&#8243;][\/vc_column][\/vc_row][vc_row unlock_row=&#8221;&#8221; row_height_percent=&#8221;0&#8243; back_color=&#8221;color-183871&#8243; overlay_alpha=&#8221;50&#8243; gutter_size=&#8221;3&#8243; column_width_percent=&#8221;100&#8243; shift_y=&#8221;0&#8243; z_index=&#8221;0&#8243; content_parallax=&#8221;0&#8243; uncode_shortcode_id=&#8221;187328&#8243; back_color_type=&#8221;uncode-palette&#8221;][vc_column column_width_percent=&#8221;100&#8243; gutter_size=&#8221;3&#8243; overlay_alpha=&#8221;50&#8243; shift_x=&#8221;0&#8243; shift_y=&#8221;0&#8243; shift_y_down=&#8221;0&#8243; z_index=&#8221;0&#8243; medium_width=&#8221;0&#8243; mobile_width=&#8221;2&#8243; width=&#8221;1\/6&#8243; uncode_shortcode_id=&#8221;122583&#8243;][\/vc_column][vc_column column_width_percent=&#8221;100&#8243; align_horizontal=&#8221;align_center&#8221; gutter_size=&#8221;3&#8243; overlay_alpha=&#8221;50&#8243; shift_x=&#8221;0&#8243; shift_y=&#8221;0&#8243; shift_y_down=&#8221;0&#8243; z_index=&#8221;0&#8243; medium_width=&#8221;0&#8243; mobile_width=&#8221;4&#8243; width=&#8221;1\/3&#8243; uncode_shortcode_id=&#8221;161350&#8243;][vc_single_image media=&#8221;114504&#8243; media_width_percent=&#8221;100&#8243; uncode_shortcode_id=&#8221;834561&#8243; media_link=&#8221;url:https%3A%2F%2Fwww.emmanuelelorusso.com%2Fit%2Falbum-un-sussulto-al-cuore%2F&#8221;][vc_empty_space empty_h=&#8221;1&#8243;][\/vc_column][vc_column column_width_percent=&#8221;100&#8243; position_vertical=&#8221;middle&#8221; align_horizontal=&#8221;align_center&#8221; gutter_size=&#8221;3&#8243; overlay_alpha=&#8221;50&#8243; shift_x=&#8221;0&#8243; shift_y=&#8221;0&#8243; shift_y_down=&#8221;0&#8243; z_index=&#8221;0&#8243; medium_width=&#8221;0&#8243; mobile_width=&#8221;0&#8243; width=&#8221;1\/3&#8243; uncode_shortcode_id=&#8221;169371&#8243;][vc_button button_color=&#8221;color-963630&#8243; size=&#8221;btn-lg&#8221; wide=&#8221;yes&#8221; hover_fx=&#8221;full-colored&#8221; border_width=&#8221;0&#8243; link=&#8221;url:https%3A%2F%2Fwww.emmanuelelorusso.com%2Fit%2Falbum-un-sussulto-al-cuore%2F&#8221; button_color_type=&#8221;uncode-palette&#8221; uncode_shortcode_id=&#8221;683254&#8243; icon=&#8221;fa fa-play&#8221;]ASCOLTA L&#8217;ALBUM[\/vc_button][\/vc_column][vc_column column_width_percent=&#8221;100&#8243; gutter_size=&#8221;3&#8243; overlay_alpha=&#8221;50&#8243; shift_x=&#8221;0&#8243; shift_y=&#8221;0&#8243; shift_y_down=&#8221;0&#8243; z_index=&#8221;0&#8243; medium_width=&#8221;0&#8243; mobile_visibility=&#8221;yes&#8221; mobile_width=&#8221;0&#8243; width=&#8221;1\/6&#8243; uncode_shortcode_id=&#8221;759662&#8243;][\/vc_column][\/vc_row][vc_row row_height_percent=&#8221;0&#8243; back_color=&#8221;color-963630&#8243; overlay_alpha=&#8221;50&#8243; gutter_size=&#8221;3&#8243; column_width_percent=&#8221;100&#8243; shift_y=&#8221;0&#8243; z_index=&#8221;0&#8243; uncode_shortcode_id=&#8221;168194&#8243; back_color_type=&#8221;uncode-palette&#8221;][vc_column width=&#8221;1\/1&#8243;][vc_column_text uncode_shortcode_id=&#8221;104211&#8243;]<em>L\u2019esigenza di esprimersi attraverso la composizione \u00e8 la cosa pi\u00f9 inaspettata che Emmanuele all\u2019et\u00e0 di 15 anni potesse scoprire di avere.<\/em><\/p>\n<p><em>Certamente il privilegio assoluto di crescere con i Maestri e padrini <strong>Eddy Perpich e Lucia Passaglia<\/strong>, insieme alla bellezza di <strong>vivere la musica in famiglia come condivisione di una vita<\/strong>, ha portato fin da piccolo Emmanuele a \u201c<strong>respirare pensando musicalmente<\/strong>\u201d, come un pittore nel guardare la realt\u00e0 circostante respira pensando ai colori pi\u00f9 espressivi del suo cuore palpitante.<\/em><\/p>\n<p><em>Tuttavia <strong>entrare in profondit\u00e0 con i pi\u00f9 grandi geni della storia della musica<\/strong> e scoprirne la relazione stretta con s\u00e8 fino a sentirli come fratelli nel cammino \u00e8 il dono pi\u00f9 grande nella crescita musicale di Emmanuele, cos\u00ec grande che non basterebbe spendere una vita intera per esaurirla.<\/em><\/p>\n<p><em>Nel contesto decisivo dalle caratteristiche appena citate nasce <strong>l\u2019esigenza compositiva<\/strong>. La ragione \u00e8 semplice: esigenza di <strong>esprimere avvenimenti in atto della propria vita<\/strong>. Successivamente Emmanuele lascia sempre pi\u00f9 spazio a questa esigenza e, sollecitato dai suoi fratelli, esegue con loro i primi concerti nei quali di schianto avviene un legame con la vita delle persone partecipanti. La sorprendente semplicit\u00e0 con la quale diventa abituale questa forma di espressione porta progressivamente Emmanuele a lavorare con sistematicit\u00e0 e dunque a progredire nel linguaggio.<\/em><\/p>\n<p><em>\u00ab<strong>Nelle mie composizioni mi sento come un vaso fragile di creta ma che trabocca d\u2019acqua pura<\/strong>: per questa ragione non reputo mia questa forma di linguaggio, bens\u00ec \u00e8 l\u2019estrema virt\u00f9 di una <strong>Bellezza che mi ha sempre accompagnato<\/strong> e continua oggi a bussare nella mia vita attraverso l\u2019amicizia. \u00c8 l\u2019unit\u00e0 con l\u2019altro in un <strong>legame pi\u00f9 profondo di quanto sia possibile pensare umanamente<\/strong> ad esprime nella \u201cmia\u201d musica la Speranza che abbraccia e sfida ad amare quotidianamente tutta la mia esistenza\u00bb.<\/em><\/p>\n<p><em>_Emmanuele_<\/em>[\/vc_column_text][\/vc_column][\/vc_row]<\/p>\n<\/div>","protected":false},"excerpt":{"rendered":"<p>[vc_row row_height_percent=&#8221;100&#8243; back_image=&#8221;113944&#8243; back_position=&#8221;center center&#8221; overlay_alpha=&#8221;50&#8243; gutter_size=&#8221;3&#8243; column_width_percent=&#8221;100&#8243; shift_y=&#8221;0&#8243; z_index=&#8221;0&#8243; mobile_visibility=&#8221;yes&#8221; uncode_shortcode_id=&#8221;109607&#8243;][vc_column width=&#8221;1\/1&#8243;][\/vc_column][\/vc_row][vc_row row_height_percent=&#8221;100&#8243; override_padding=&#8221;yes&#8221; h_padding=&#8221;0&#8243; top_padding=&#8221;0&#8243; bottom_padding=&#8221;1&#8243; back_color=&#8221;color-963630&#8243; overlay_alpha=&#8221;50&#8243; [&hellip;]<\/p>\n","protected":false},"author":1,"featured_media":0,"parent":0,"menu_order":0,"comment_status":"closed","ping_status":"closed","template":"","meta":{"_monsterinsights_skip_tracking":false,"_monsterinsights_sitenote_active":false,"_monsterinsights_sitenote_note":"","_monsterinsights_sitenote_category":0,"footnotes":""},"class_list":["post-113297","page","type-page","status-publish","hentry"],"aioseo_notices":[],"_links":{"self":[{"href":"https:\/\/www.emmanuelelorusso.com\/it\/wp-json\/wp\/v2\/pages\/113297","targetHints":{"allow":["GET"]}}],"collection":[{"href":"https:\/\/www.emmanuelelorusso.com\/it\/wp-json\/wp\/v2\/pages"}],"about":[{"href":"https:\/\/www.emmanuelelorusso.com\/it\/wp-json\/wp\/v2\/types\/page"}],"author":[{"embeddable":true,"href":"https:\/\/www.emmanuelelorusso.com\/it\/wp-json\/wp\/v2\/users\/1"}],"replies":[{"embeddable":true,"href":"https:\/\/www.emmanuelelorusso.com\/it\/wp-json\/wp\/v2\/comments?post=113297"}],"version-history":[{"count":92,"href":"https:\/\/www.emmanuelelorusso.com\/it\/wp-json\/wp\/v2\/pages\/113297\/revisions"}],"predecessor-version":[{"id":114689,"href":"https:\/\/www.emmanuelelorusso.com\/it\/wp-json\/wp\/v2\/pages\/113297\/revisions\/114689"}],"wp:attachment":[{"href":"https:\/\/www.emmanuelelorusso.com\/it\/wp-json\/wp\/v2\/media?parent=113297"}],"curies":[{"name":"wp","href":"https:\/\/api.w.org\/{rel}","templated":true}]}}